{"id":6,"date":"2025-10-23T20:42:01","date_gmt":"2025-10-23T18:42:01","guid":{"rendered":"https:\/\/malopolskie.promykenergii.com\/index.php\/one-page-express\/"},"modified":"2025-10-23T23:11:24","modified_gmt":"2025-10-23T21:11:24","slug":"one-page-express","status":"publish","type":"page","link":"https:\/\/malopolskie.promykenergii.com\/","title":{"rendered":"Front Page"},"content":{"rendered":"<div  id=\"cta-1\" data-label=\"Call to action\" data-id=\"cta-blue-section\" data-category=\"cta\" class=\"cta-blue-section\"> <div  class=\"gridContainer\"> <div  class=\"flexbox-list flexbox-list-align-center row\"> <div  class=\"cta-blue-textcol dynamic-color\"> <h2  class=\"cta-blue-text\">Chcesz, \u017ceby\u015bmy dotarli z edukacj\u0105 do Twojej plac\u00f3wki?<\/h2> <\/div> <div  class=\"cta-blue-btncol\"> <a  class=\"button big yellow dark-text\" href=\"#kontakt\" target=\"_self\"> Do\u0142\u0105cz <\/a> <\/div> <\/div> <\/div> <\/div><div  data-label=\"About\" data-id=\"about-big-images-section\" data-category=\"about\" class=\"about-big-images-section\" id=\"about-1\" style=\"background-color: rgb(246, 246, 246);\"> <div  class=\"gridContainer\"> <div  class=\"about-big-images-textrow\"> <div  class=\"about-big-images-textcol dynamic-color\" data-type=\"column\">     <div  class=\"spacer\" data-type=\"group\"><span  class=\"fa before\"><\/span><i  class=\"fa fa-bandcamp\"><\/i><span  class=\"fa after\"><\/span><\/div><\/div> <\/div> <\/div> <div  class=\"about-big-images-bottomrow\"> <div  class=\"about-big-images-leftimgcol\"><img  decoding=\"async\" class=\"about-big-images-leftimg\" src=\"http:\/\/malopolskie.promykenergii.com\/wp-content\/uploads\/2025\/10\/20231024_093802-768x576-1.jpg\" alt=\"\"> <\/div> <div  class=\"about-big-images-centerimgcol\"><img  decoding=\"async\" class=\"about-big-images-centerimg\" src=\"http:\/\/malopolskie.promykenergii.com\/wp-content\/uploads\/2025\/10\/IMG_20230606_122126-768x576-1.jpg\" alt=\"\"> <\/div> <div  class=\"about-big-images-rightimgcol\"><img  decoding=\"async\" class=\"about-big-images-rightimg\" src=\"http:\/\/malopolskie.promykenergii.com\/wp-content\/uploads\/2025\/10\/20231024_094515-768x576-1.jpg\" alt=\"\"> <\/div> <\/div> <\/div><div  id=\"numbers\" data-label=\"Numbers\" data-id=\"numbers-section\" data-category=\"numbers\" data-bg=\"transparent\" class=\"numbers-section\" data-parallax-depth=\"20\"> <div  class=\"gridContainer dynamic-color\"> <div  class=\"numbers-itemcol\"> <h2  class=\"numbers-numbertext\">50+<\/h2> <h3  class=\"numbers-titletext\">Szk\u00f3\u0142<\/h3> <\/div> <div  class=\"numbers-itemcol\"> <h2  class=\"numbers-numbertext\">500+<\/h2> <h3  class=\"numbers-titletext\">Godzin szkoleniowych<\/h3> <\/div> <div  class=\"numbers-itemcol-last\"> <h2  class=\"numbers-numbertext\">1000+<\/h2> <h3  class=\"numbers-titletext\">Uczn\u00f3w<\/h3> <\/div> <\/div><\/div><div  id=\"content-4\" style=\"background-color: #f6f6f6;\" data-label=\"Content\" data-id=\"content-image-right\" data-category=\"content\" class=\"content-right-image-section\"> <div  class=\"gridContainer\"> <div  class=\"content-right-image-gridcol\"> <div  class=\"content-right-image-textcol dynamic-color\" data-type=\"column\"> <h2  class=\"\">Nasze aktualne dzia\u0142ania<\/h2> <p  class=\"large_text\"> Poni\u017cej znajdziesz nasze bie\u017c\u0105ce inicjatywy i programy edukacyjne, kt\u00f3re w\u0142a\u015bnie realizujemy w ma\u0142opolskich szko\u0142ach i plac\u00f3wkach. Sprawd\u017a, w czym mo\u017cesz wzi\u0105\u0107 udzia\u0142! <\/p> <a  class=\"button blue\" href=\"#\" target=\"_self\"> Wi\u0119cej <\/a> <\/div> <div  class=\"content-right-image-imgcol\" data-type=\"column\"> <img  decoding=\"async\" src=\"http:\/\/malopolskie.promykenergii.com\/wp-content\/uploads\/2025\/10\/read-2007117_1280.jpg\" class=\"\" alt=\"\"> <\/div> <\/div> <\/div> <\/div><div  id=\"content-3\" style=\"background-color: #ffffff;\" data-label=\"Content\" data-id=\"content-image-left\" data-category=\"content\" class=\"content-left-image-section\"> <div  class=\"gridContainer\"> <div  class=\"row\"> <div  class=\"content-left-image-imgcol\" data-type=\"column\"> <img  decoding=\"async\" src=\"http:\/\/malopolskie.promykenergii.com\/wp-content\/uploads\/2025\/10\/tablet-1910019_1280.jpg\" class=\"\" alt=\"\"> <\/div> <div  class=\"content-left-image-textcol dynamic-color\" data-type=\"column\"> <h2  class=\"\">Uczymy jak dba\u0107 o planet\u0119<\/h2> <p  class=\"large_text\">Poznajemy odnawialne \u017ar\u00f3d\u0142a energii przez zabaw\u0119 i do\u015bwiadczenie <\/p> <a  class=\"button blue\" href=\"#kontakt\" target=\"_self\"> Do\u0142\u0105cz <\/a> <\/div> <\/div> <\/div> <\/div><div  data-label=\"Kontakt\" data-id=\"contact-section\" data-category=\"contact\" data-bg=\"transparent\" class=\"contact-section-formsection white-text contact-section\" id=\"kontakt\"> <div  class=\"gridContainer\"> <div  class=\"row_224\"> <div  class=\"contact-textrow\"> <div  class=\"contact-textcol dynamic-color\"> <h2  class=\"\">Kontakt<\/h2> <p  class=\"white_text\">Chcesz, \u017ceby\u015bmy dotarli z edukacj\u0105 do Twojej plac\u00f3wki?<\/p> <\/div> <\/div> <\/div> <div  class=\"contact-formcol\" data-content-shortcode=\"one_page_express_contact_form shortcode=&quot;contact-form-7 id=&amp;amp;quot;a569cf3&amp;amp;quot; title=&amp;amp;quot;Formularz 1&amp;amp;quot;&quot;\" data-editable=\"true\">\n<div class=\"wpcf7 no-js\" id=\"wpcf7-f28-o1\" lang=\"pl-PL\" dir=\"ltr\" data-wpcf7-id=\"28\">\n<div class=\"screen-reader-response\"><p role=\"status\" aria-live=\"polite\" aria-atomic=\"true\"><\/p> <ul><\/ul><\/div>\n<form action=\"\/index.php\/wp-json\/wp\/v2\/pages\/6#wpcf7-f28-o1\" method=\"post\" class=\"wpcf7-form init\" aria-label=\"Formularz kontaktowy\" novalidate=\"novalidate\" data-status=\"init\">\n<fieldset class=\"hidden-fields-container\"><input type=\"hidden\" name=\"_wpcf7\" value=\"28\" \/><input type=\"hidden\" name=\"_wpcf7_version\" value=\"6.1.2\" \/><input type=\"hidden\" name=\"_wpcf7_locale\" value=\"pl_PL\" \/><input type=\"hidden\" name=\"_wpcf7_unit_tag\" value=\"wpcf7-f28-o1\" \/><input type=\"hidden\" name=\"_wpcf7_container_post\" value=\"0\" \/><input type=\"hidden\" name=\"_wpcf7_posted_data_hash\" value=\"\" \/>\n<\/fieldset>\n<p><label> Twoje imi\u0119 i nazwisko<br \/>\n<span class=\"wpcf7-form-control-wrap\" data-name=\"your-name\"><input size=\"40\" maxlength=\"400\" class=\"wpcf7-form-control wpcf7-text wpcf7-validates-as-required\" autocomplete=\"name\" aria-required=\"true\" aria-invalid=\"false\" value=\"\" type=\"text\" name=\"your-name\" \/><\/span> <\/label>\n<\/p>\n<p><label> Tw\u00f3j adres e-mail<br \/>\n<span class=\"wpcf7-form-control-wrap\" data-name=\"your-email\"><input size=\"40\" maxlength=\"400\" class=\"wpcf7-form-control wpcf7-email wpcf7-validates-as-required wpcf7-text wpcf7-validates-as-email\" autocomplete=\"email\" aria-required=\"true\" aria-invalid=\"false\" value=\"\" type=\"email\" name=\"your-email\" \/><\/span> <\/label>\n<\/p>\n<p><label> Temat<br \/>\n<span class=\"wpcf7-form-control-wrap\" data-name=\"your-subject\"><input size=\"40\" maxlength=\"400\" class=\"wpcf7-form-control wpcf7-text wpcf7-validates-as-required\" aria-required=\"true\" aria-invalid=\"false\" value=\"\" type=\"text\" name=\"your-subject\" \/><\/span> <\/label>\n<\/p>\n<p><label> Twoja wiadomo\u015bci (opcjonalne)<br \/>\n<span class=\"wpcf7-form-control-wrap\" data-name=\"your-message\"><textarea cols=\"40\" rows=\"10\" maxlength=\"2000\" class=\"wpcf7-form-control wpcf7-textarea\" aria-invalid=\"false\" name=\"your-message\"><\/textarea><\/span> <\/label>\n<\/p>\n<p><input class=\"wpcf7-form-control wpcf7-submit has-spinner\" type=\"submit\" value=\"Wy\u015blij\" \/>\n<\/p><div class=\"wpcf7-response-output\" aria-hidden=\"true\"><\/div>\n<\/form>\n<\/div>\n<\/div> <\/div><\/div>","protected":false},"excerpt":{"rendered":"<p>Chcesz, \u017ceby\u015bmy dotarli z edukacj\u0105 do Twojej plac\u00f3wki? Do\u0142\u0105cz 50+ Szk\u00f3\u0142 500+ Godzin szkoleniowych 1000+ Uczn\u00f3w Nasze aktualne dzia\u0142ania Poni\u017cej znajdziesz nasze bie\u017c\u0105ce inicjatywy i programy edukacyjne, kt\u00f3re w\u0142a\u015bnie realizujemy w ma\u0142opolskich szko\u0142ach i plac\u00f3wkach. Sprawd\u017a, w czym mo\u017cesz wzi\u0105\u0107 udzia\u0142! Wi\u0119cej Uczymy jak dba\u0107 o planet\u0119 Poznajemy odnawialne \u017ar\u00f3d\u0142a energii przez zabaw\u0119 i do\u015bwiadczenie&hellip; <br \/> <a class=\"button small blue\" href=\"https:\/\/malopolskie.promykenergii.com\/\">Dowiedz si\u0119 wi\u0119cej<\/a><\/p>\n","protected":false},"author":1,"featured_media":0,"parent":0,"menu_order":0,"comment_status":"closed","ping_status":"closed","template":"","meta":{"footnotes":""},"class_list":["post-6","page","type-page","status-publish","hentry"],"_links":{"self":[{"href":"https:\/\/malopolskie.promykenergii.com\/index.php\/wp-json\/wp\/v2\/pages\/6","targetHints":{"allow":["GET"]}}],"collection":[{"href":"https:\/\/malopolskie.promykenergii.com\/index.php\/wp-json\/wp\/v2\/pages"}],"about":[{"href":"https:\/\/malopolskie.promykenergii.com\/index.php\/wp-json\/wp\/v2\/types\/page"}],"author":[{"embeddable":true,"href":"https:\/\/malopolskie.promykenergii.com\/index.php\/wp-json\/wp\/v2\/users\/1"}],"replies":[{"embeddable":true,"href":"https:\/\/malopolskie.promykenergii.com\/index.php\/wp-json\/wp\/v2\/comments?post=6"}],"version-history":[{"count":7,"href":"https:\/\/malopolskie.promykenergii.com\/index.php\/wp-json\/wp\/v2\/pages\/6\/revisions"}],"predecessor-version":[{"id":46,"href":"https:\/\/malopolskie.promykenergii.com\/index.php\/wp-json\/wp\/v2\/pages\/6\/revisions\/46"}],"wp:attachment":[{"href":"https:\/\/malopolskie.promykenergii.com\/index.php\/wp-json\/wp\/v2\/media?parent=6"}],"curies":[{"name":"wp","href":"https:\/\/api.w.org\/{rel}","templated":true}]}}