{"id":2,"date":"2025-04-22T23:29:20","date_gmt":"2025-04-22T21:29:20","guid":{"rendered":"http:\/\/bezaiwp68.you2.pl\/?page_id=2"},"modified":"2025-10-23T22:57:08","modified_gmt":"2025-10-23T20:57:08","slug":"przykladowa-strona","status":"publish","type":"page","link":"https:\/\/malopolskie.promykenergii.com\/index.php\/przykladowa-strona\/","title":{"rendered":"O Nas"},"content":{"rendered":"\n<p>Fundacja Edukacyjna Promyk Energii aktywnie dzia\u0142a na rzecz ochrony \u015brodowiska i klimatu. Koncentrujemy si\u0119 na edukowaniu m\u0142odych ludzi (dzieci i m\u0142odzie\u017cy) w zakresie nowoczesnych technologii i praktycznego wykorzystania odnawialnych \u017ar\u00f3de\u0142 energii (OZE).<\/p>\n\n\n\n<p>Aby przybli\u017cy\u0107 zagadnienia OZE, stworzyli\u015bmy mobilne laboratorium \u2013 Platform\u0119 Edukacyjn\u0105 OZE. Zawiera ona cztery dzia\u0142aj\u0105ce urz\u0105dzenia, kt\u00f3re demonstruj\u0105, jak wytwarza\u0107 energi\u0119 z naj\u0142atwiej dost\u0119pnych \u017ar\u00f3de\u0142: s\u0142o\u0144ca i wiatru. S\u0105 to: turbina wiatrowa i panel fotowoltaiczny do produkcji pr\u0105du oraz kolektor s\u0142oneczny i powietrzna pompa ciep\u0142a do ogrzewania wody.<\/p>\n\n\n\n<p>W ramach naszego programu docieramy bezpo\u015brednio do szk\u00f3\u0142, prowadz\u0105c anga\u017cuj\u0105ce lekcje i warsztaty plenerowe z u\u017cyciem tej platformy. Spotkania te ciesz\u0105 si\u0119 du\u017cym uznaniem w\u015br\u00f3d plac\u00f3wek o\u015bwiatowych.<\/p>\n","protected":false},"excerpt":{"rendered":"<p>Fundacja Edukacyjna Promyk Energii aktywnie dzia\u0142a na rzecz ochrony \u015brodowiska i klimatu. Koncentrujemy si\u0119 na edukowaniu m\u0142odych ludzi (dzieci i m\u0142odzie\u017cy) w zakresie nowoczesnych technologii i praktycznego wykorzystania odnawialnych \u017ar\u00f3de\u0142 energii (OZE). Aby przybli\u017cy\u0107 zagadnienia OZE, stworzyli\u015bmy mobilne laboratorium \u2013 Platform\u0119 Edukacyjn\u0105 OZE. Zawiera ona cztery dzia\u0142aj\u0105ce urz\u0105dzenia, kt\u00f3re demonstruj\u0105, jak wytwarza\u0107 energi\u0119 z naj\u0142atwiej&hellip; <br \/> <a class=\"button small blue\" href=\"https:\/\/malopolskie.promykenergii.com\/index.php\/przykladowa-strona\/\">Dowiedz si\u0119 wi\u0119cej<\/a><\/p>\n","protected":false},"author":1,"featured_media":0,"parent":0,"menu_order":0,"comment_status":"closed","ping_status":"open","template":"","meta":{"footnotes":""},"class_list":["post-2","page","type-page","status-publish","hentry"],"_links":{"self":[{"href":"https:\/\/malopolskie.promykenergii.com\/index.php\/wp-json\/wp\/v2\/pages\/2","targetHints":{"allow":["GET"]}}],"collection":[{"href":"https:\/\/malopolskie.promykenergii.com\/index.php\/wp-json\/wp\/v2\/pages"}],"about":[{"href":"https:\/\/malopolskie.promykenergii.com\/index.php\/wp-json\/wp\/v2\/types\/page"}],"author":[{"embeddable":true,"href":"https:\/\/malopolskie.promykenergii.com\/index.php\/wp-json\/wp\/v2\/users\/1"}],"replies":[{"embeddable":true,"href":"https:\/\/malopolskie.promykenergii.com\/index.php\/wp-json\/wp\/v2\/comments?post=2"}],"version-history":[{"count":2,"href":"https:\/\/malopolskie.promykenergii.com\/index.php\/wp-json\/wp\/v2\/pages\/2\/revisions"}],"predecessor-version":[{"id":40,"href":"https:\/\/malopolskie.promykenergii.com\/index.php\/wp-json\/wp\/v2\/pages\/2\/revisions\/40"}],"wp:attachment":[{"href":"https:\/\/malopolskie.promykenergii.com\/index.php\/wp-json\/wp\/v2\/media?parent=2"}],"curies":[{"name":"wp","href":"https:\/\/api.w.org\/{rel}","templated":true}]}}